{"id":1554,"date":"2023-01-06T22:13:55","date_gmt":"2023-01-06T17:13:55","guid":{"rendered":"https:\/\/lacremiere.com\/?page_id=1554"},"modified":"2023-10-25T00:32:32","modified_gmt":"2023-10-24T19:32:32","slug":"nous-joindre","status":"publish","type":"page","link":"https:\/\/lacremiere.com\/fr\/nous-joindre\/","title":{"rendered":"Nous joindre"},"content":{"rendered":"\t\t<div data-elementor-type=\"wp-page\" data-elementor-id=\"1554\" class=\"elementor elementor-1554 elementor-19\" data-elementor-post-type=\"page\">\n\t\t\t\t\t\t<section data-particle_enable=\"false\" data-particle-mobile-disabled=\"false\" class=\"has_ae_slider elementor-section elementor-top-section elementor-element elementor-element-567c5fe elementor-section-full_width elementor-section-height-default elementor-section-height-default ae-bg-gallery-type-default\" data-id=\"567c5fe\" data-element_type=\"section\" data-e-type=\"section\" data-settings=\"{&quot;jet_parallax_layout_list&quot;:[]}\">\n\t\t\t\t\t\t<div class=\"elementor-container elementor-column-gap-default\">\n\t\t\t\t\t<div class=\"has_ae_slider elementor-column elementor-col-50 elementor-top-column elementor-element elementor-element-c790af7 ae-bg-gallery-type-default\" data-id=\"c790af7\" data-element_type=\"column\" data-e-type=\"column\">\n\t\t\t<div class=\"elementor-widget-wrap elementor-element-populated\">\n\t\t\t\t\t\t<div class=\"elementor-element elementor-element-1d7fd71 elementor-widget elementor-widget-heading\" data-id=\"1d7fd71\" data-element_type=\"widget\" data-e-type=\"widget\" data-widget_type=\"heading.default\">\n\t\t\t\t<div class=\"elementor-widget-container\">\n\t\t\t\t\t<h1 class=\"elementor-heading-title elementor-size-default\">Nous Joindre<\/h1>\t\t\t\t<\/div>\n\t\t\t\t<\/div>\n\t\t\t\t<div class=\"elementor-element elementor-element-4f919d2 elementor-widget elementor-widget-heading\" data-id=\"4f919d2\" data-element_type=\"widget\" data-e-type=\"widget\" data-widget_type=\"heading.default\">\n\t\t\t\t<div class=\"elementor-widget-container\">\n\t\t\t\t\t<p class=\"elementor-heading-title elementor-size-default\">CHEZ LA CR\u00c9MI\u00c8RE, NOTRE OBJECTIF EST D'OFFRIR \u00c0 NOS CLIENTS UNE EXP\u00c9RIENCE plaisante, D\u00c9LICIEUSE ET SAVOUREUSE, JOUR APR\u00c8S JOUR. NOUS VOUS REMERCIONS POUR VOS COMMENTAIRES ET SUGGESTIONS.<\/p>\t\t\t\t<\/div>\n\t\t\t\t<\/div>\n\t\t\t\t\t<\/div>\n\t\t<\/div>\n\t\t\t\t<div class=\"has_ae_slider elementor-column elementor-col-50 elementor-top-column elementor-element elementor-element-7135e24 ae-bg-gallery-type-default\" data-id=\"7135e24\" data-element_type=\"column\" data-e-type=\"column\">\n\t\t\t<div class=\"elementor-widget-wrap elementor-element-populated\">\n\t\t\t\t\t\t<div class=\"elementor-element elementor-element-faed9d8 elementor-hidden-desktop elementor-hidden-tablet elementor-hidden-mobile elementor-widget elementor-widget-image\" data-id=\"faed9d8\" data-element_type=\"widget\" data-e-type=\"widget\" data-widget_type=\"image.default\">\n\t\t\t\t<div class=\"elementor-widget-container\">\n\t\t\t\t\t\t\t\t\t\t\t\t\t\t\t<img fetchpriority=\"high\" decoding=\"async\" width=\"454\" height=\"247\" src=\"https:\/\/lacremiere.com\/wp-content\/uploads\/2023\/08\/popcorn_Illustration-1.png\" class=\"attachment-full size-full wp-image-12151\" alt=\"\" srcset=\"https:\/\/lacremiere.com\/wp-content\/uploads\/2023\/08\/popcorn_Illustration-1.png 454w, https:\/\/lacremiere.com\/wp-content\/uploads\/2023\/08\/popcorn_Illustration-1-300x163.png 300w\" sizes=\"(max-width: 454px) 100vw, 454px\" \/>\t\t\t\t\t\t\t\t\t\t\t\t\t\t\t<\/div>\n\t\t\t\t<\/div>\n\t\t\t\t\t<\/div>\n\t\t<\/div>\n\t\t\t\t\t<\/div>\n\t\t<\/section>\n\t\t\t\t<section data-particle_enable=\"false\" data-particle-mobile-disabled=\"false\" class=\"has_ae_slider elementor-section elementor-top-section elementor-element elementor-element-52a8928 elementor-section-full_width elementor-section-height-default elementor-section-height-default ae-bg-gallery-type-default\" data-id=\"52a8928\" data-element_type=\"section\" data-e-type=\"section\" data-settings=\"{&quot;jet_parallax_layout_list&quot;:[]}\">\n\t\t\t\t\t\t<div class=\"elementor-container elementor-column-gap-default\">\n\t\t\t\t\t<div class=\"has_ae_slider elementor-column elementor-col-100 elementor-top-column elementor-element elementor-element-3f53f8a ae-bg-gallery-type-default\" data-id=\"3f53f8a\" data-element_type=\"column\" data-e-type=\"column\">\n\t\t\t<div class=\"elementor-widget-wrap elementor-element-populated\">\n\t\t\t\t\t\t<div class=\"elementor-element elementor-element-f3f843d elementor-widget elementor-widget-shortcode\" data-id=\"f3f843d\" data-element_type=\"widget\" data-e-type=\"widget\" data-widget_type=\"shortcode.default\">\n\t\t\t\t<div class=\"elementor-widget-container\">\n\t\t\t\t\t\t\t<div class=\"elementor-shortcode\">\n    <iframe\n      id=\"JotFormIFrame-232884732458265\"\n      title=\"La Cremiere FR 2024\"\n      onload=\"window.parent.scrollTo(0,0)\"\n      allowtransparency=\"true\"\n      allowfullscreen=\"true\"\n      allow=\"geolocation; microphone; camera\"\n      data-src=\"https:\/\/form.jotform.com\/232884732458265\"\n      frameborder=\"0\"\n      style=\"min-width:100%;max-width:100%;height:539px;border:none;\"\n      scrolling=\"no\"\n     src=\"data:image\/svg+xml;base64,PHN2ZyB3aWR0aD0iMSIgaGVpZ2h0PSIxIiB4bWxucz0iaHR0cDovL3d3dy53My5vcmcvMjAwMC9zdmciPjwvc3ZnPg==\" class=\"lazyload\" data-load-mode=\"1\">\n    <\/iframe>\n    <script type=\"text\/javascript\">\n    var ifr = document.getElementById(\"JotFormIFrame-232884732458265\");\n    if (ifr) {\n      var src = ifr.src;\n      var iframeParams = [];\n      if (window.location.href && window.location.href.indexOf(\"?\") > -1) {\n        iframeParams = iframeParams.concat(window.location.href.substr(window.location.href.indexOf(\"?\") + 1).split('&'));\n      }\n      if (src && src.indexOf(\"?\") > -1) {\n        iframeParams = iframeParams.concat(src.substr(src.indexOf(\"?\") + 1).split(\"&\"));\n        src = src.substr(0, src.indexOf(\"?\"))\n      }\n      iframeParams.push(\"isIframeEmbed=1\");\n      ifr.src = src + \"?\" + iframeParams.join('&');\n    }\n    window.handleIFrameMessage = function(e) {\n      if (typeof e.data === 'object') { return; }\n      var args = e.data.split(\":\");\n      if (args.length > 2) { iframe = document.getElementById(\"JotFormIFrame-\" + args[(args.length - 1)]); } else { iframe = document.getElementById(\"JotFormIFrame\"); }\n      if (!iframe) { return; }\n      switch (args[0]) {\n        case \"scrollIntoView\":\n          iframe.scrollIntoView();\n          break;\n        case \"setHeight\":\n          iframe.style.height = args[1] + \"px\";\n          if (!isNaN(args[1]) && parseInt(iframe.style.minHeight) > parseInt(args[1])) {\n            iframe.style.minHeight = args[1] + \"px\";\n          }\n          break;\n        case \"collapseErrorPage\":\n          if (iframe.clientHeight > window.innerHeight) {\n            iframe.style.height = window.innerHeight + \"px\";\n          }\n          break;\n        case \"reloadPage\":\n          window.location.reload();\n          break;\n        case \"loadScript\":\n          if( !window.isPermitted(e.origin, ['jotform.com', 'jotform.pro']) ) { break; }\n          var src = args[1];\n          if (args.length > 3) {\n              src = args[1] + ':' + args[2];\n          }\n          var script = document.createElement('script');\n          script.src = src;\n          script.type = 'text\/javascript';\n          document.body.appendChild(script);\n          break;\n        case \"exitFullscreen\":\n          if      (window.document.exitFullscreen)        window.document.exitFullscreen();\n          else if (window.document.mozCancelFullScreen)   window.document.mozCancelFullScreen();\n          else if (window.document.mozCancelFullscreen)   window.document.mozCancelFullScreen();\n          else if (window.document.webkitExitFullscreen)  window.document.webkitExitFullscreen();\n          else if (window.document.msExitFullscreen)      window.document.msExitFullscreen();\n          break;\n      }\n      var isJotForm = (e.origin.indexOf(\"jotform\") > -1) ? true : false;\n      if(isJotForm && \"contentWindow\" in iframe && \"postMessage\" in iframe.contentWindow) {\n        var urls = {\"docurl\":encodeURIComponent(document.URL),\"referrer\":encodeURIComponent(document.referrer)};\n        iframe.contentWindow.postMessage(JSON.stringify({\"type\":\"urls\",\"value\":urls}), \"*\");\n      }\n    };\n    window.isPermitted = function(originUrl, whitelisted_domains) {\n      var url = document.createElement('a');\n      url.href = originUrl;\n      var hostname = url.hostname;\n      var result = false;\n      if( typeof hostname !== 'undefined' ) {\n        whitelisted_domains.forEach(function(element) {\n            if( hostname.slice((-1 * element.length - 1)) === '.'.concat(element) ||  hostname === element ) {\n                result = true;\n            }\n        });\n        return result;\n      }\n    };\n    if (window.addEventListener) {\n      window.addEventListener(\"message\", handleIFrameMessage, false);\n    } else if (window.attachEvent) {\n      window.attachEvent(\"onmessage\", handleIFrameMessage);\n    }\n    <\/script><\/div>\n\t\t\t\t\t\t<\/div>\n\t\t\t\t<\/div>\n\t\t\t\t<div class=\"elementor-element elementor-element-d4f1797 elementor-hidden-desktop elementor-hidden-tablet elementor-hidden-mobile elementor-button-align-stretch elementor-widget elementor-widget-form\" data-id=\"d4f1797\" data-element_type=\"widget\" data-e-type=\"widget\" data-settings=\"{&quot;step_next_label&quot;:&quot;Next&quot;,&quot;step_previous_label&quot;:&quot;Previous&quot;,&quot;button_width&quot;:&quot;100&quot;,&quot;step_type&quot;:&quot;number_text&quot;,&quot;step_icon_shape&quot;:&quot;circle&quot;}\" data-widget_type=\"form.default\">\n\t\t\t\t<div class=\"elementor-widget-container\">\n\t\t\t\t\t\t\t<form class=\"elementor-form\" method=\"post\" name=\"New Form\" aria-label=\"New Form\">\n\t\t\t<input type=\"hidden\" name=\"post_id\" value=\"1554\"\/>\n\t\t\t<input type=\"hidden\" name=\"form_id\" value=\"d4f1797\"\/>\n\t\t\t<input type=\"hidden\" name=\"referer_title\" value=\"\" \/>\n\n\t\t\t\n\t\t\t<div class=\"elementor-form-fields-wrapper elementor-labels-above\">\n\t\t\t\t\t\t\t\t<div class=\"elementor-field-type-text elementor-field-group elementor-column elementor-field-group-name elementor-col-100 elementor-field-required\">\n\t\t\t\t\t\t\t\t\t\t\t\t\t<input size=\"1\" type=\"text\" name=\"form_fields[name]\" id=\"form-field-name\" class=\"elementor-field elementor-size-lg  elementor-field-textual\" placeholder=\"Nom complet\" required=\"required\">\n\t\t\t\t\t\t\t\t\t\t\t<\/div>\n\t\t\t\t\t\t\t\t<div class=\"elementor-field-type-email elementor-field-group elementor-column elementor-field-group-email elementor-col-100 elementor-field-required\">\n\t\t\t\t\t\t\t\t\t\t\t\t\t<input size=\"1\" type=\"email\" name=\"form_fields[email]\" id=\"form-field-email\" class=\"elementor-field elementor-size-lg  elementor-field-textual\" placeholder=\"Courriel\" required=\"required\">\n\t\t\t\t\t\t\t\t\t\t\t<\/div>\n\t\t\t\t\t\t\t\t<div class=\"elementor-field-type-select elementor-field-group elementor-column elementor-field-group-field_232c1cf elementor-col-50 elementor-field-required\">\n\t\t\t\t\t\t\t<div class=\"elementor-field elementor-select-wrapper remove-before \">\n\t\t\t<div class=\"select-caret-down-wrapper\">\n\t\t\t\t<i aria-hidden=\"true\" class=\"eicon-caret-down\"><\/i>\t\t\t<\/div>\n\t\t\t<select name=\"form_fields[field_232c1cf]\" id=\"form-field-field_232c1cf\" class=\"elementor-field-textual elementor-size-lg\" required=\"required\">\n\t\t\t\t\t\t\t\t\t<option value=\"Commentaires\">Commentaires<\/option>\n\t\t\t\t\t\t\t\t\t<option value=\"Questions\">Questions<\/option>\n\t\t\t\t\t\t\t\t\t<option value=\"Carri\u00e8res\">Carri\u00e8res<\/option>\n\t\t\t\t\t\t\t<\/select>\n\t\t<\/div>\n\t\t\t\t\t\t<\/div>\n\t\t\t\t\t\t\t\t<div class=\"elementor-field-type-select elementor-field-group elementor-column elementor-field-group-field_bd1c601 elementor-col-50\">\n\t\t\t\t\t\t\t<div class=\"elementor-field elementor-select-wrapper remove-before \">\n\t\t\t<div class=\"select-caret-down-wrapper\">\n\t\t\t\t<i aria-hidden=\"true\" class=\"eicon-caret-down\"><\/i>\t\t\t<\/div>\n\t\t\t<select name=\"form_fields[field_bd1c601]\" id=\"form-field-field_bd1c601\" class=\"elementor-field-textual elementor-size-lg\">\n\t\t\t\t\t\t\t\t\t<option value=\"Nom du magasin si applicable\">Nom du magasin si applicable<\/option>\n\t\t\t\t\t\t\t\t\t<option value=\"\"><\/option>\n\t\t\t\t\t\t\t\t\t<option value=\"\"><\/option>\n\t\t\t\t\t\t\t\t\t<option value=\"\"><\/option>\n\t\t\t\t\t\t\t\t\t<option value=\"\"><\/option>\n\t\t\t\t\t\t\t\t\t<option value=\"\"><\/option>\n\t\t\t\t\t\t\t<\/select>\n\t\t<\/div>\n\t\t\t\t\t\t<\/div>\n\t\t\t\t\t\t\t\t<div class=\"elementor-field-type-textarea elementor-field-group elementor-column elementor-field-group-message elementor-col-100\">\n\t\t\t\t\t<textarea class=\"elementor-field-textual elementor-field  elementor-size-lg\" name=\"form_fields[message]\" id=\"form-field-message\" rows=\"4\" placeholder=\"Message\"><\/textarea>\t\t\t\t<\/div>\n\t\t\t\t\t\t\t\t<div class=\"elementor-field-group elementor-column elementor-field-type-submit elementor-col-100 e-form__buttons\">\n\t\t\t\t\t<button class=\"elementor-button elementor-size-md\" type=\"submit\">\n\t\t\t\t\t\t<span class=\"elementor-button-content-wrapper\">\n\t\t\t\t\t\t\t\t\t\t\t\t\t\t\t\t\t\t\t\t\t\t<span class=\"elementor-button-text\">ENVOYER<\/span>\n\t\t\t\t\t\t\t\t\t\t\t\t\t<\/span>\n\t\t\t\t\t<\/button>\n\t\t\t\t<\/div>\n\t\t\t<\/div>\n\t\t<\/form>\n\t\t\t\t\t\t<\/div>\n\t\t\t\t<\/div>\n\t\t\t\t\t<\/div>\n\t\t<\/div>\n\t\t\t\t\t<\/div>\n\t\t<\/section>\n\t\t\t\t<section data-particle_enable=\"false\" data-particle-mobile-disabled=\"false\" class=\"has_ae_slider elementor-section elementor-top-section elementor-element elementor-element-5ca5aa1 elementor-section-full_width elementor-hidden-desktop elementor-hidden-tablet elementor-hidden-mobile elementor-section-height-default elementor-section-height-default ae-bg-gallery-type-default\" data-id=\"5ca5aa1\" data-element_type=\"section\" data-e-type=\"section\" data-settings=\"{&quot;jet_parallax_layout_list&quot;:[]}\">\n\t\t\t\t\t\t<div class=\"elementor-container elementor-column-gap-default\">\n\t\t\t\t\t<div class=\"has_ae_slider elementor-column elementor-col-100 elementor-top-column elementor-element elementor-element-89877d3 ae-bg-gallery-type-default\" data-id=\"89877d3\" data-element_type=\"column\" data-e-type=\"column\" data-settings=\"{&quot;background_background&quot;:&quot;classic&quot;}\">\n\t\t\t<div class=\"elementor-widget-wrap elementor-element-populated\">\n\t\t\t\t\t\t<section data-particle_enable=\"false\" data-particle-mobile-disabled=\"false\" class=\"has_ae_slider elementor-section elementor-inner-section elementor-element elementor-element-5f0f571 elementor-section-full_width elementor-section-height-default elementor-section-height-default ae-bg-gallery-type-default\" data-id=\"5f0f571\" data-element_type=\"section\" data-e-type=\"section\" data-settings=\"{&quot;jet_parallax_layout_list&quot;:[]}\">\n\t\t\t\t\t\t<div class=\"elementor-container elementor-column-gap-default\">\n\t\t\t\t\t<div class=\"has_ae_slider elementor-column elementor-col-50 elementor-inner-column elementor-element elementor-element-52fea70 ae-bg-gallery-type-default\" data-id=\"52fea70\" data-element_type=\"column\" data-e-type=\"column\">\n\t\t\t<div class=\"elementor-widget-wrap elementor-element-populated\">\n\t\t\t\t\t\t<div class=\"elementor-element elementor-element-671312d elementor-widget elementor-widget-heading\" data-id=\"671312d\" data-element_type=\"widget\" data-e-type=\"widget\" data-widget_type=\"heading.default\">\n\t\t\t\t<div class=\"elementor-widget-container\">\n\t\t\t\t\t<h1 class=\"elementor-heading-title elementor-size-default\">franchise avec nous<\/h1>\t\t\t\t<\/div>\n\t\t\t\t<\/div>\n\t\t\t\t<div class=\"elementor-element elementor-element-e8c303b elementor-widget elementor-widget-heading\" data-id=\"e8c303b\" data-element_type=\"widget\" data-e-type=\"widget\" data-widget_type=\"heading.default\">\n\t\t\t\t<div class=\"elementor-widget-container\">\n\t\t\t\t\t<p class=\"elementor-heading-title elementor-size-default\">Vivez votre passion. \u00c9levez votre parcours. Devenez franchis\u00e9 chez La Diperie. Personnalisez votre succ\u00e8s d\u00e8s aujourd'hui!<\/p>\t\t\t\t<\/div>\n\t\t\t\t<\/div>\n\t\t\t\t\t<\/div>\n\t\t<\/div>\n\t\t\t\t<div class=\"has_ae_slider elementor-column elementor-col-50 elementor-inner-column elementor-element elementor-element-0c7d510 ae-bg-gallery-type-default\" data-id=\"0c7d510\" data-element_type=\"column\" data-e-type=\"column\">\n\t\t\t<div class=\"elementor-widget-wrap elementor-element-populated\">\n\t\t\t\t\t\t<div class=\"elementor-element elementor-element-3c1e59b elementor-align-right elementor-widget__width-initial elementor-mobile-align-justify elementor-widget-mobile__width-inherit elementor-widget elementor-widget-button\" data-id=\"3c1e59b\" data-element_type=\"widget\" data-e-type=\"widget\" data-widget_type=\"button.default\">\n\t\t\t\t<div class=\"elementor-widget-container\">\n\t\t\t\t\t\t\t\t\t<div class=\"elementor-button-wrapper\">\n\t\t\t\t\t<a class=\"elementor-button elementor-button-link elementor-size-md\" href=\"\/franchising\/\">\n\t\t\t\t\t\t<span class=\"elementor-button-content-wrapper\">\n\t\t\t\t\t\t\t\t\t<span class=\"elementor-button-text\"> savoir plus<\/span>\n\t\t\t\t\t<\/span>\n\t\t\t\t\t<\/a>\n\t\t\t\t<\/div>\n\t\t\t\t\t\t\t\t<\/div>\n\t\t\t\t<\/div>\n\t\t\t\t\t<\/div>\n\t\t<\/div>\n\t\t\t\t\t<\/div>\n\t\t<\/section>\n\t\t\t\t\t<\/div>\n\t\t<\/div>\n\t\t\t\t\t<\/div>\n\t\t<\/section>\n\t\t\t\t<\/div>\n\t\t","protected":false},"excerpt":{"rendered":"<p>Nous Joindre CHEZ LA CR\u00c9MI\u00c8RE, NOTRE OBJECTIF EST D&rsquo;OFFRIR \u00c0 NOS CLIENTS UNE EXP\u00c9RIENCE plaisante, D\u00c9LICIEUSE ET SAVOUREUSE, JOUR APR\u00c8S JOUR. NOUS VOUS REMERCIONS POUR VOS COMMENTAIRES ET SUGGESTIONS. franchise avec nous Vivez votre passion. \u00c9levez votre parcours. Devenez franchis\u00e9 chez La Diperie. Personnalisez votre succ\u00e8s d\u00e8s aujourd&rsquo;hui! savoir plus<\/p>\n","protected":false},"author":1,"featured_media":0,"parent":0,"menu_order":0,"comment_status":"closed","ping_status":"closed","template":"","meta":{"footnotes":""},"class_list":["post-1554","page","type-page","status-publish","hentry"],"_links":{"self":[{"href":"https:\/\/lacremiere.com\/fr\/wp-json\/wp\/v2\/pages\/1554","targetHints":{"allow":["GET"]}}],"collection":[{"href":"https:\/\/lacremiere.com\/fr\/wp-json\/wp\/v2\/pages"}],"about":[{"href":"https:\/\/lacremiere.com\/fr\/wp-json\/wp\/v2\/types\/page"}],"author":[{"embeddable":true,"href":"https:\/\/lacremiere.com\/fr\/wp-json\/wp\/v2\/users\/1"}],"replies":[{"embeddable":true,"href":"https:\/\/lacremiere.com\/fr\/wp-json\/wp\/v2\/comments?post=1554"}],"version-history":[{"count":0,"href":"https:\/\/lacremiere.com\/fr\/wp-json\/wp\/v2\/pages\/1554\/revisions"}],"wp:attachment":[{"href":"https:\/\/lacremiere.com\/fr\/wp-json\/wp\/v2\/media?parent=1554"}],"curies":[{"name":"wp","href":"https:\/\/api.w.org\/{rel}","templated":true}]}}